{"id":3134,"date":"2023-10-24T07:56:08","date_gmt":"2023-10-24T07:56:08","guid":{"rendered":"https:\/\/prophysique.qodeinteractive.com\/?page_id=3134"},"modified":"2024-07-18T14:23:46","modified_gmt":"2024-07-18T12:23:46","slug":"kontakt","status":"publish","type":"page","link":"https:\/\/medi-move.pl\/?page_id=3134","title":{"rendered":"Kontakt"},"content":{"rendered":"\t\t<div data-elementor-type=\"wp-page\" data-elementor-id=\"3134\" class=\"elementor elementor-3134\" data-elementor-post-type=\"page\">\n\t\t\t\t<div class=\"elementor-element elementor-element-939e32f e-con-full e-flex e-con e-parent\" data-id=\"939e32f\" data-element_type=\"container\">\n\t\t\t\t<div class=\"elementor-element elementor-element-3f67ebb elementor-widget elementor-widget-prophysique_core_section_title\" data-id=\"3f67ebb\" data-element_type=\"widget\" data-widget_type=\"prophysique_core_section_title.default\">\n\t\t\t\t<div class=\"elementor-widget-container\">\n\t\t\t<div class=\"qodef-shortcode qodef-m  qodef-section-title qodef-alignment--center \">\n\t\t\t\t<h2 class=\"qodef-m-title\" >\n\t\tSkontaktuj si\u0119 z nami !\t<\/h2>\n\t\t<p class=\"qodef-m-text\" style=\"margin-top: 18px\">Wszystkie informacje kontaktowe znajdziesz poni\u017cej. \nZapraszamy do zapis\u00f3w!<\/p>\n\t<\/div>\n\t\t<\/div>\n\t\t\t\t<\/div>\n\t\t\t\t<div class=\"elementor-element elementor-element-5de7cc0 elementor-widget elementor-widget-prophysique_core_icon_list_item\" data-id=\"5de7cc0\" data-element_type=\"widget\" data-widget_type=\"prophysique_core_icon_list_item.default\">\n\t\t\t\t<div class=\"elementor-widget-container\">\n\t\t\t<div class=\"qodef-icon-list-item qodef-icon--custom-icon\" >\n\t<h6 class=\"qodef-e-title\" >\n\t\t\t\t\t<a itemprop=\"url\" href=\"mailto:kontakt@medi-move.pl\" target=\"_self\">\n\t\t\t\t\t<span class=\"qodef-e-title-inner\">\n\t\t\t\t<img decoding=\"async\" width=\"38\" height=\"38\" src=\"https:\/\/medi-move.pl\/wp-content\/uploads\/2024\/01\/icon-002.png\" class=\"attachment-full size-full\" alt=\"d\" \/>\t\t\t\t<span class=\"qodef-e-title-text\">kontakt@medi-move.pl<\/span>\n\t\t\t<\/span>\n\t\t\t\t\t<\/a>\n\t\t\t<\/h6>\n<\/div>\n\t\t<\/div>\n\t\t\t\t<\/div>\n\t\t\t\t<div class=\"elementor-element elementor-element-19d560f elementor-widget elementor-widget-prophysique_core_icon_list_item\" data-id=\"19d560f\" data-element_type=\"widget\" data-widget_type=\"prophysique_core_icon_list_item.default\">\n\t\t\t\t<div class=\"elementor-widget-container\">\n\t\t\t<div class=\"qodef-icon-list-item qodef-icon--custom-icon\" >\n\t<h6 class=\"qodef-e-title\" >\n\t\t\t\t\t<a itemprop=\"url\" href=\"https:\/\/www.google.com\/maps\/place\/53%C2%B001&#039;44.0%22N+18%C2%B036&#039;23.4%22E\/@53.0288892,18.6058597,19z\/data=!3m1!4b1!4m4!3m3!8m2!3d53.0288884!4d18.6065034?entry=ttu\" target=\"_blank\">\n\t\t\t\t\t<span class=\"qodef-e-title-inner\">\n\t\t\t\t<img decoding=\"async\" width=\"38\" height=\"38\" src=\"https:\/\/medi-move.pl\/wp-content\/uploads\/2024\/01\/icon-003.png\" class=\"attachment-full size-full\" alt=\"d\" \/>\t\t\t\t<span class=\"qodef-e-title-text\">\u017bwirki i Wigury 77\/16A, Toru\u0144<\/span>\n\t\t\t<\/span>\n\t\t\t\t\t<\/a>\n\t\t\t<\/h6>\n<\/div>\n\t\t<\/div>\n\t\t\t\t<\/div>\n\t\t\t\t<div class=\"elementor-element elementor-element-c2228f0 elementor-invisible elementor-widget elementor-widget-prophysique_core_button\" data-id=\"c2228f0\" data-element_type=\"widget\" data-settings=\"{&quot;_animation&quot;:&quot;shake&quot;}\" data-widget_type=\"prophysique_core_button.default\">\n\t\t\t\t<div class=\"elementor-widget-container\">\n\t\t\t<a class=\"qodef-shortcode qodef-m  qodef-button qodef-layout--filled  qodef-html--link\" href=\"https:\/\/medi-move.pl\/?page_id=3270\" target=\"_self\" data-hover-color=\"#FFFFFF\" data-hover-background-color=\"#000000\" data-hover-border-color=\"#7A7A7A\" style=\"color: #000000;background-color: #C3A984;margin: 20px\">\n\t<span class=\"qodef-m-text\">Um\u00f3w wizyte<\/span>\n<\/a>\n\t\t<\/div>\n\t\t\t\t<\/div>\n\t\t\t\t<\/div>\n\t\t<div class=\"elementor-element elementor-element-10c9cae e-flex e-con-boxed e-con e-parent\" data-id=\"10c9cae\" data-element_type=\"container\">\n\t\t\t\t\t<div class=\"e-con-inner\">\n\t\t<div class=\"elementor-element elementor-element-e14e2e7 e-con-full e-flex e-con e-child\" data-id=\"e14e2e7\" data-element_type=\"container\">\n\t\t\t\t<div class=\"elementor-element elementor-element-9afdc02 elementor-widget elementor-widget-heading\" data-id=\"9afdc02\" data-element_type=\"widget\" data-widget_type=\"heading.default\">\n\t\t\t\t<div class=\"elementor-widget-container\">\n\t\t\t<style>\/*! elementor - v3.22.0 - 24-06-2024 *\/\n.elementor-heading-title{padding:0;margin:0;line-height:1}.elementor-widget-heading .elementor-heading-title[class*=elementor-size-]>a{color:inherit;font-size:inherit;line-height:inherit}.elementor-widget-heading .elementor-heading-title.elementor-size-small{font-size:15px}.elementor-widget-heading .elementor-heading-title.elementor-size-medium{font-size:19px}.elementor-widget-heading .elementor-heading-title.elementor-size-large{font-size:29px}.elementor-widget-heading .elementor-heading-title.elementor-size-xl{font-size:39px}.elementor-widget-heading .elementor-heading-title.elementor-size-xxl{font-size:59px}<\/style><p class=\"elementor-heading-title elementor-size-default\">Roksana Piekarska-Koz\u0142owska<\/p>\t\t<\/div>\n\t\t\t\t<\/div>\n\t\t\t\t<div class=\"elementor-element elementor-element-a04fb66 elementor-widget elementor-widget-prophysique_core_icon_with_text\" data-id=\"a04fb66\" data-element_type=\"widget\" data-widget_type=\"prophysique_core_icon_with_text.default\">\n\t\t\t\t<div class=\"elementor-widget-container\">\n\t\t\t<div class=\"qodef-shortcode qodef-m  qodef-icon-with-text qodef-layout--before-content qodef--icon-pack  qodef--has-appear\" data-appear-delay=\"41\">\n\t<div class=\"qodef-m-icon-wrapper\" >\n\t\t<span class=\"qodef-shortcode qodef-m  qodef-icon-holder qodef-size--default qodef-layout--normal\"  >\t\t\t<a itemprop=\"url\" href=\"mailto:roksana@medi-move.pl\" target=\"_self\">\t\t\t<span class=\"qodef-icon-elegant-icons icon_mail qodef-icon qodef-e\" style=\"\" ><\/span>\t\t\t<\/a>\t<\/span>\t<\/div>\n\t<div class=\"qodef-m-content\">\n\t\t\t<h6 class=\"qodef-m-title\" style=\"color: #000000\">\n\t\t\t\t\t<a itemprop=\"url\" href=\"mailto:roksana@medi-move.pl\" target=\"_self\">\n\t\t\t\t\t<span class=\"qodef-m-title-text\">roksana@medi-move.pl<\/span>\n\t\t\t\t\t<\/a>\n\t\t\t<\/h6>\n\t\t\t<\/div>\n<\/div>\n\t\t<\/div>\n\t\t\t\t<\/div>\n\t\t\t\t<div class=\"elementor-element elementor-element-f9ea479 elementor-widget elementor-widget-prophysique_core_icon_with_text\" data-id=\"f9ea479\" data-element_type=\"widget\" data-widget_type=\"prophysique_core_icon_with_text.default\">\n\t\t\t\t<div class=\"elementor-widget-container\">\n\t\t\t<div class=\"qodef-shortcode qodef-m  qodef-icon-with-text qodef-layout--before-content qodef--icon-pack  qodef--has-appear\" data-appear-delay=\"307\">\n\t<div class=\"qodef-m-icon-wrapper\" >\n\t\t<span class=\"qodef-shortcode qodef-m  qodef-icon-holder qodef-size--default qodef-layout--normal\"  >\t\t\t<span class=\"qodef-icon-elegant-icons icon_phone qodef-icon qodef-e\" style=\"\" ><\/span>\t<\/span>\t<\/div>\n\t<div class=\"qodef-m-content\">\n\t\t\t<h6 class=\"qodef-m-title\" >\n\t\t\t\t\t<span class=\"qodef-m-title-text\">+48 604 641 131<\/span>\n\t\t\t<\/h6>\n\t\t\t<\/div>\n<\/div>\n\t\t<\/div>\n\t\t\t\t<\/div>\n\t\t\t\t<\/div>\n\t\t<div class=\"elementor-element elementor-element-a8f9f8b e-con-full e-flex e-con e-child\" data-id=\"a8f9f8b\" data-element_type=\"container\">\n\t\t\t\t<div class=\"elementor-element elementor-element-6f03b4c elementor-widget elementor-widget-heading\" data-id=\"6f03b4c\" data-element_type=\"widget\" data-widget_type=\"heading.default\">\n\t\t\t\t<div class=\"elementor-widget-container\">\n\t\t\t<p class=\"elementor-heading-title elementor-size-default\">Anna Wakulewicz-Zakrzewska<\/p>\t\t<\/div>\n\t\t\t\t<\/div>\n\t\t\t\t<div class=\"elementor-element elementor-element-1ebf399 elementor-widget elementor-widget-prophysique_core_icon_with_text\" data-id=\"1ebf399\" data-element_type=\"widget\" data-widget_type=\"prophysique_core_icon_with_text.default\">\n\t\t\t\t<div class=\"elementor-widget-container\">\n\t\t\t<div class=\"qodef-shortcode qodef-m  qodef-icon-with-text qodef-layout--before-content qodef--icon-pack  qodef--has-appear\" data-appear-delay=\"40\">\n\t<div class=\"qodef-m-icon-wrapper\" >\n\t\t<span class=\"qodef-shortcode qodef-m  qodef-icon-holder qodef-size--default qodef-layout--normal\"  >\t\t\t<a itemprop=\"url\" href=\"mailto:ania@medi-move.pl\" target=\"_self\">\t\t\t<span class=\"qodef-icon-elegant-icons icon_mail qodef-icon qodef-e\" style=\"\" ><\/span>\t\t\t<\/a>\t<\/span>\t<\/div>\n\t<div class=\"qodef-m-content\">\n\t\t\t<h6 class=\"qodef-m-title\" style=\"color: #000000\">\n\t\t\t\t\t<a itemprop=\"url\" href=\"mailto:ania@medi-move.pl\" target=\"_self\">\n\t\t\t\t\t<span class=\"qodef-m-title-text\">ania@medi-move.pl<\/span>\n\t\t\t\t\t<\/a>\n\t\t\t<\/h6>\n\t\t\t<\/div>\n<\/div>\n\t\t<\/div>\n\t\t\t\t<\/div>\n\t\t\t\t<div class=\"elementor-element elementor-element-c342506 elementor-widget elementor-widget-prophysique_core_icon_with_text\" data-id=\"c342506\" data-element_type=\"widget\" data-widget_type=\"prophysique_core_icon_with_text.default\">\n\t\t\t\t<div class=\"elementor-widget-container\">\n\t\t\t<div class=\"qodef-shortcode qodef-m  qodef-icon-with-text qodef-layout--before-content qodef--icon-pack  qodef--has-appear\" data-appear-delay=\"222\">\n\t<div class=\"qodef-m-icon-wrapper\" >\n\t\t<span class=\"qodef-shortcode qodef-m  qodef-icon-holder qodef-size--default qodef-layout--normal\"  >\t\t\t<span class=\"qodef-icon-elegant-icons icon_phone qodef-icon qodef-e\" style=\"\" ><\/span>\t<\/span>\t<\/div>\n\t<div class=\"qodef-m-content\">\n\t\t\t<h6 class=\"qodef-m-title\" >\n\t\t\t\t\t<span class=\"qodef-m-title-text\">+48 505 540 355<\/span>\n\t\t\t<\/h6>\n\t\t\t<\/div>\n<\/div>\n\t\t<\/div>\n\t\t\t\t<\/div>\n\t\t\t\t<\/div>\n\t\t\t\t\t<\/div>\n\t\t\t\t<\/div>\n\t\t<div class=\"elementor-element elementor-element-64440a2 e-con-full e-flex e-con e-parent\" data-id=\"64440a2\" data-element_type=\"container\" data-settings=\"{&quot;background_background&quot;:&quot;classic&quot;}\">\n\t\t\t\t<div class=\"elementor-element elementor-element-edc000a elementor-widget elementor-widget-prophysique_core_google_map\" data-id=\"edc000a\" data-element_type=\"widget\" data-widget_type=\"prophysique_core_google_map.default\">\n\t\t\t\t<div class=\"elementor-widget-container\">\n\t\t\t<div class=\"qodef-shortcode qodef-m  qodef-google-map\">\n\t<div class=\"qodef-m-map\" id=\"qodef-map-id--296\" data-addresses='[\"\u017cwirki i wigury 77 Toru\u0144\"]' data-pin=https:\/\/medi-move.pl\/wp-content\/plugins\/prophysique-core\/inc\/maps\/assets\/img\/pin.png data-unique-id=296 data-height=500><\/div>\n<\/div>\n\t\t<\/div>\n\t\t\t\t<\/div>\n\t\t\t\t<\/div>\n\t\t\t\t<\/div>\n\t\t","protected":false},"excerpt":{"rendered":"<p>Skontaktuj si\u0119 z nami ! Wszystkie informacje kontaktowe znajdziesz poni\u017cej. Zapraszamy do zapis\u00f3w! kontakt@medi-move.pl \u017bwirki i Wigury 77\/16A, Toru\u0144 Um\u00f3w wizyte Roksana Piekarska-Koz\u0142owska roksana@medi-move.pl +48 604 641 131 Anna Wakulewicz-Zakrzewska ania@medi-move.pl +48 505 540 355<\/p>\n","protected":false},"author":1,"featured_media":0,"parent":0,"menu_order":0,"comment_status":"closed","ping_status":"closed","template":"page-full-width.php","meta":{"_monsterinsights_skip_tracking":false,"_monsterinsights_sitenote_active":false,"_monsterinsights_sitenote_note":"","_monsterinsights_sitenote_category":0,"footnotes":""},"yoast_head":"<!-- This site is optimized with the Yoast SEO plugin v23.2 - https:\/\/yoast.com\/wordpress\/plugins\/seo\/ -->\n<title>Kontakt - MediMove Fizjoterapia Toru\u0144<\/title>\n<meta name=\"robots\" content=\"index, follow, max-snippet:-1, max-image-preview:large, max-video-preview:-1\" \/>\n<link rel=\"canonical\" href=\"https:\/\/medi-move.pl\/?page_id=3134\" \/>\n<meta property=\"og:locale\" content=\"pl_PL\" \/>\n<meta property=\"og:type\" content=\"article\" \/>\n<meta property=\"og:title\" content=\"Kontakt - MediMove Fizjoterapia Toru\u0144\" \/>\n<meta property=\"og:description\" content=\"Skontaktuj si\u0119 z nami ! Wszystkie informacje kontaktowe znajdziesz poni\u017cej. Zapraszamy do zapis\u00f3w! kontakt@medi-move.pl \u017bwirki i Wigury 77\/16A, Toru\u0144 Um\u00f3w wizyte Roksana Piekarska-Koz\u0142owska roksana@medi-move.pl +48 604 641 131 Anna Wakulewicz-Zakrzewska ania@medi-move.pl +48 505 540 355\" \/>\n<meta property=\"og:url\" content=\"https:\/\/medi-move.pl\/?page_id=3134\" \/>\n<meta property=\"og:site_name\" content=\"MediMove Fizjoterapia Toru\u0144\" \/>\n<meta property=\"article:publisher\" content=\"https:\/\/www.facebook.com\/profile.php?id=61563017762986\" \/>\n<meta property=\"article:modified_time\" content=\"2024-07-18T12:23:46+00:00\" \/>\n<meta property=\"og:image\" content=\"https:\/\/medi-move.pl\/wp-content\/uploads\/2024\/01\/icon-002.png\" \/>\n<meta name=\"twitter:card\" content=\"summary_large_image\" \/>\n<script type=\"application\/ld+json\" class=\"yoast-schema-graph\">{\"@context\":\"https:\/\/schema.org\",\"@graph\":[{\"@type\":\"WebPage\",\"@id\":\"https:\/\/medi-move.pl\/?page_id=3134\",\"url\":\"https:\/\/medi-move.pl\/?page_id=3134\",\"name\":\"Kontakt - MediMove Fizjoterapia Toru\u0144\",\"isPartOf\":{\"@id\":\"https:\/\/medi-move.pl\/#website\"},\"primaryImageOfPage\":{\"@id\":\"https:\/\/medi-move.pl\/?page_id=3134#primaryimage\"},\"image\":{\"@id\":\"https:\/\/medi-move.pl\/?page_id=3134#primaryimage\"},\"thumbnailUrl\":\"https:\/\/medi-move.pl\/wp-content\/uploads\/2024\/01\/icon-002.png\",\"datePublished\":\"2023-10-24T07:56:08+00:00\",\"dateModified\":\"2024-07-18T12:23:46+00:00\",\"breadcrumb\":{\"@id\":\"https:\/\/medi-move.pl\/?page_id=3134#breadcrumb\"},\"inLanguage\":\"pl-PL\",\"potentialAction\":[{\"@type\":\"ReadAction\",\"target\":[\"https:\/\/medi-move.pl\/?page_id=3134\"]}]},{\"@type\":\"ImageObject\",\"inLanguage\":\"pl-PL\",\"@id\":\"https:\/\/medi-move.pl\/?page_id=3134#primaryimage\",\"url\":\"https:\/\/medi-move.pl\/wp-content\/uploads\/2024\/01\/icon-002.png\",\"contentUrl\":\"https:\/\/medi-move.pl\/wp-content\/uploads\/2024\/01\/icon-002.png\",\"width\":38,\"height\":38,\"caption\":\"d\"},{\"@type\":\"BreadcrumbList\",\"@id\":\"https:\/\/medi-move.pl\/?page_id=3134#breadcrumb\",\"itemListElement\":[{\"@type\":\"ListItem\",\"position\":1,\"name\":\"Strona g\u0142\u00f3wna\",\"item\":\"https:\/\/medi-move.pl\/\"},{\"@type\":\"ListItem\",\"position\":2,\"name\":\"Kontakt\"}]},{\"@type\":\"WebSite\",\"@id\":\"https:\/\/medi-move.pl\/#website\",\"url\":\"https:\/\/medi-move.pl\/\",\"name\":\"MediMove Fizjoterapia Toru\u0144\",\"description\":\"Fizjoterapia Toru\u0144\",\"publisher\":{\"@id\":\"https:\/\/medi-move.pl\/#organization\"},\"potentialAction\":[{\"@type\":\"SearchAction\",\"target\":{\"@type\":\"EntryPoint\",\"urlTemplate\":\"https:\/\/medi-move.pl\/?s={search_term_string}\"},\"query-input\":\"required name=search_term_string\"}],\"inLanguage\":\"pl-PL\"},{\"@type\":\"Organization\",\"@id\":\"https:\/\/medi-move.pl\/#organization\",\"name\":\"MediMove Fizjoterapia Toru\u0144\",\"url\":\"https:\/\/medi-move.pl\/\",\"logo\":{\"@type\":\"ImageObject\",\"inLanguage\":\"pl-PL\",\"@id\":\"https:\/\/medi-move.pl\/#\/schema\/logo\/image\/\",\"url\":\"https:\/\/medi-move.pl\/wp-content\/uploads\/2024\/07\/MediMoveLogo.png\",\"contentUrl\":\"https:\/\/medi-move.pl\/wp-content\/uploads\/2024\/07\/MediMoveLogo.png\",\"width\":1080,\"height\":353,\"caption\":\"MediMove Fizjoterapia Toru\u0144\"},\"image\":{\"@id\":\"https:\/\/medi-move.pl\/#\/schema\/logo\/image\/\"},\"sameAs\":[\"https:\/\/www.facebook.com\/profile.php?id=61563017762986\"]}]}<\/script>\n<!-- \/ Yoast SEO plugin. -->","yoast_head_json":{"title":"Kontakt - MediMove Fizjoterapia Toru\u0144","robots":{"index":"index","follow":"follow","max-snippet":"max-snippet:-1","max-image-preview":"max-image-preview:large","max-video-preview":"max-video-preview:-1"},"canonical":"https:\/\/medi-move.pl\/?page_id=3134","og_locale":"pl_PL","og_type":"article","og_title":"Kontakt - MediMove Fizjoterapia Toru\u0144","og_description":"Skontaktuj si\u0119 z nami ! Wszystkie informacje kontaktowe znajdziesz poni\u017cej. Zapraszamy do zapis\u00f3w! kontakt@medi-move.pl \u017bwirki i Wigury 77\/16A, Toru\u0144 Um\u00f3w wizyte Roksana Piekarska-Koz\u0142owska roksana@medi-move.pl +48 604 641 131 Anna Wakulewicz-Zakrzewska ania@medi-move.pl +48 505 540 355","og_url":"https:\/\/medi-move.pl\/?page_id=3134","og_site_name":"MediMove Fizjoterapia Toru\u0144","article_publisher":"https:\/\/www.facebook.com\/profile.php?id=61563017762986","article_modified_time":"2024-07-18T12:23:46+00:00","og_image":[{"url":"https:\/\/medi-move.pl\/wp-content\/uploads\/2024\/01\/icon-002.png"}],"twitter_card":"summary_large_image","schema":{"@context":"https:\/\/schema.org","@graph":[{"@type":"WebPage","@id":"https:\/\/medi-move.pl\/?page_id=3134","url":"https:\/\/medi-move.pl\/?page_id=3134","name":"Kontakt - MediMove Fizjoterapia Toru\u0144","isPartOf":{"@id":"https:\/\/medi-move.pl\/#website"},"primaryImageOfPage":{"@id":"https:\/\/medi-move.pl\/?page_id=3134#primaryimage"},"image":{"@id":"https:\/\/medi-move.pl\/?page_id=3134#primaryimage"},"thumbnailUrl":"https:\/\/medi-move.pl\/wp-content\/uploads\/2024\/01\/icon-002.png","datePublished":"2023-10-24T07:56:08+00:00","dateModified":"2024-07-18T12:23:46+00:00","breadcrumb":{"@id":"https:\/\/medi-move.pl\/?page_id=3134#breadcrumb"},"inLanguage":"pl-PL","potentialAction":[{"@type":"ReadAction","target":["https:\/\/medi-move.pl\/?page_id=3134"]}]},{"@type":"ImageObject","inLanguage":"pl-PL","@id":"https:\/\/medi-move.pl\/?page_id=3134#primaryimage","url":"https:\/\/medi-move.pl\/wp-content\/uploads\/2024\/01\/icon-002.png","contentUrl":"https:\/\/medi-move.pl\/wp-content\/uploads\/2024\/01\/icon-002.png","width":38,"height":38,"caption":"d"},{"@type":"BreadcrumbList","@id":"https:\/\/medi-move.pl\/?page_id=3134#breadcrumb","itemListElement":[{"@type":"ListItem","position":1,"name":"Strona g\u0142\u00f3wna","item":"https:\/\/medi-move.pl\/"},{"@type":"ListItem","position":2,"name":"Kontakt"}]},{"@type":"WebSite","@id":"https:\/\/medi-move.pl\/#website","url":"https:\/\/medi-move.pl\/","name":"MediMove Fizjoterapia Toru\u0144","description":"Fizjoterapia Toru\u0144","publisher":{"@id":"https:\/\/medi-move.pl\/#organization"},"potentialAction":[{"@type":"SearchAction","target":{"@type":"EntryPoint","urlTemplate":"https:\/\/medi-move.pl\/?s={search_term_string}"},"query-input":"required name=search_term_string"}],"inLanguage":"pl-PL"},{"@type":"Organization","@id":"https:\/\/medi-move.pl\/#organization","name":"MediMove Fizjoterapia Toru\u0144","url":"https:\/\/medi-move.pl\/","logo":{"@type":"ImageObject","inLanguage":"pl-PL","@id":"https:\/\/medi-move.pl\/#\/schema\/logo\/image\/","url":"https:\/\/medi-move.pl\/wp-content\/uploads\/2024\/07\/MediMoveLogo.png","contentUrl":"https:\/\/medi-move.pl\/wp-content\/uploads\/2024\/07\/MediMoveLogo.png","width":1080,"height":353,"caption":"MediMove Fizjoterapia Toru\u0144"},"image":{"@id":"https:\/\/medi-move.pl\/#\/schema\/logo\/image\/"},"sameAs":["https:\/\/www.facebook.com\/profile.php?id=61563017762986"]}]}},"_links":{"self":[{"href":"https:\/\/medi-move.pl\/index.php?rest_route=\/wp\/v2\/pages\/3134"}],"collection":[{"href":"https:\/\/medi-move.pl\/index.php?rest_route=\/wp\/v2\/pages"}],"about":[{"href":"https:\/\/medi-move.pl\/index.php?rest_route=\/wp\/v2\/types\/page"}],"author":[{"embeddable":true,"href":"https:\/\/medi-move.pl\/index.php?rest_route=\/wp\/v2\/users\/1"}],"replies":[{"embeddable":true,"href":"https:\/\/medi-move.pl\/index.php?rest_route=%2Fwp%2Fv2%2Fcomments&post=3134"}],"version-history":[{"count":49,"href":"https:\/\/medi-move.pl\/index.php?rest_route=\/wp\/v2\/pages\/3134\/revisions"}],"predecessor-version":[{"id":10921,"href":"https:\/\/medi-move.pl\/index.php?rest_route=\/wp\/v2\/pages\/3134\/revisions\/10921"}],"wp:attachment":[{"href":"https:\/\/medi-move.pl\/index.php?rest_route=%2Fwp%2Fv2%2Fmedia&parent=3134"}],"curies":[{"name":"wp","href":"https:\/\/api.w.org\/{rel}","templated":true}]}}