{"id":3270,"date":"2023-10-24T08:41:52","date_gmt":"2023-10-24T08:41:52","guid":{"rendered":"https:\/\/prophysique.qodeinteractive.com\/?page_id=3270"},"modified":"2024-07-23T13:10:42","modified_gmt":"2024-07-23T11:10:42","slug":"zespol","status":"publish","type":"page","link":"https:\/\/medi-move.pl\/?page_id=3270","title":{"rendered":"Zesp\u00f3\u0142"},"content":{"rendered":"\t\t<div data-elementor-type=\"wp-page\" data-elementor-id=\"3270\" class=\"elementor elementor-3270\" data-elementor-post-type=\"page\">\n\t\t\t\t<div class=\"elementor-element elementor-element-c3d9ee3 e-flex e-con-boxed e-con e-parent\" data-id=\"c3d9ee3\" data-element_type=\"container\">\n\t\t\t\t\t<div class=\"e-con-inner\">\n\t\t\t\t<div class=\"elementor-element elementor-element-50149e3 elementor-widget elementor-widget-spacer\" data-id=\"50149e3\" data-element_type=\"widget\" data-widget_type=\"spacer.default\">\n\t\t\t\t<div class=\"elementor-widget-container\">\n\t\t\t<style>\/*! elementor - v3.22.0 - 24-06-2024 *\/\n.elementor-column .elementor-spacer-inner{height:var(--spacer-size)}.e-con{--container-widget-width:100%}.e-con-inner>.elementor-widget-spacer,.e-con>.elementor-widget-spacer{width:var(--container-widget-width,var(--spacer-size));--align-self:var(--container-widget-align-self,initial);--flex-shrink:0}.e-con-inner>.elementor-widget-spacer>.elementor-widget-container,.e-con>.elementor-widget-spacer>.elementor-widget-container{height:100%;width:100%}.e-con-inner>.elementor-widget-spacer>.elementor-widget-container>.elementor-spacer,.e-con>.elementor-widget-spacer>.elementor-widget-container>.elementor-spacer{height:100%}.e-con-inner>.elementor-widget-spacer>.elementor-widget-container>.elementor-spacer>.elementor-spacer-inner,.e-con>.elementor-widget-spacer>.elementor-widget-container>.elementor-spacer>.elementor-spacer-inner{height:var(--container-widget-height,var(--spacer-size))}.e-con-inner>.elementor-widget-spacer.elementor-widget-empty,.e-con>.elementor-widget-spacer.elementor-widget-empty{position:relative;min-height:22px;min-width:22px}.e-con-inner>.elementor-widget-spacer.elementor-widget-empty .elementor-widget-empty-icon,.e-con>.elementor-widget-spacer.elementor-widget-empty .elementor-widget-empty-icon{position:absolute;top:0;bottom:0;left:0;right:0;margin:auto;padding:0;width:22px;height:22px}<\/style>\t\t<div class=\"elementor-spacer\">\n\t\t\t<div class=\"elementor-spacer-inner\"><\/div>\n\t\t<\/div>\n\t\t\t\t<\/div>\n\t\t\t\t<\/div>\n\t\t\t\t\t<\/div>\n\t\t\t\t<\/div>\n\t\t<div class=\"elementor-element elementor-element-748e172 e-flex e-con-boxed e-con e-parent\" data-id=\"748e172\" data-element_type=\"container\">\n\t\t\t\t\t<div class=\"e-con-inner\">\n\t\t<div class=\"elementor-element elementor-element-e257d3d e-con-full e-flex e-con e-child\" data-id=\"e257d3d\" data-element_type=\"container\">\n\t\t\t\t<div class=\"elementor-element elementor-element-0c9e8e6 elementor-widget elementor-widget-prophysique_core_team_list\" data-id=\"0c9e8e6\" data-element_type=\"widget\" data-widget_type=\"prophysique_core_team_list.default\">\n\t\t\t\t<div class=\"elementor-widget-container\">\n\t\t\t<div class=\"qodef-shortcode qodef-m  qodef-team-list qodef-item-layout--info-below qodef-grid qodef-layout--columns    qodef-col-num--1 qodef-item-layout--info-below qodef-pagination--off qodef-responsive--predefined\" style=\"--qode-gutter-custom: 0px;--qode-vertical-gutter-custom: 0px;--qode-gutter-custom-1512: 0px;--qode-vertical-gutter-custom-1512: 0px;--qode-gutter-custom-1200: 0px;--qode-vertical-gutter-custom-1200: 0px;--qode-gutter-custom-880: 0px;--qode-vertical-gutter-custom-880: 0px\" data-options=\"{&quot;plugin&quot;:&quot;prophysique_core&quot;,&quot;module&quot;:&quot;post-types\\\/team\\\/shortcodes&quot;,&quot;shortcode&quot;:&quot;team-list&quot;,&quot;post_type&quot;:&quot;team&quot;,&quot;next_page&quot;:&quot;2&quot;,&quot;max_pages_num&quot;:1,&quot;behavior&quot;:&quot;columns&quot;,&quot;images_proportion&quot;:&quot;full&quot;,&quot;columns&quot;:&quot;1&quot;,&quot;columns_responsive&quot;:&quot;predefined&quot;,&quot;posts_per_page&quot;:&quot;1&quot;,&quot;orderby&quot;:&quot;name&quot;,&quot;order&quot;:&quot;DESC&quot;,&quot;additional_params&quot;:&quot;id&quot;,&quot;post_ids&quot;:&quot;1707&quot;,&quot;layout&quot;:&quot;info-below&quot;,&quot;title_tag&quot;:&quot;h4&quot;,&quot;pagination_type&quot;:&quot;no-pagination&quot;,&quot;object_class_name&quot;:&quot;ProPhysiqueCore_Team_List_Shortcode&quot;,&quot;taxonomy_filter&quot;:&quot;team-category&quot;,&quot;additional_query_args&quot;:{&quot;orderby&quot;:&quot;post__in&quot;,&quot;post__in&quot;:[&quot;1707&quot;]},&quot;holder_styles&quot;:{&quot;custom&quot;:&quot;--qode-gutter-custom: 0px&quot;,&quot;vertical_custom&quot;:&quot;--qode-vertical-gutter-custom: 0px&quot;,&quot;custom_1512&quot;:&quot;--qode-gutter-custom-1512: 0px&quot;,&quot;vertical_custom_1512&quot;:&quot;--qode-vertical-gutter-custom-1512: 0px&quot;,&quot;custom_1200&quot;:&quot;--qode-gutter-custom-1200: 0px&quot;,&quot;vertical_custom_1200&quot;:&quot;--qode-vertical-gutter-custom-1200: 0px&quot;,&quot;custom_880&quot;:&quot;--qode-gutter-custom-880: 0px&quot;,&quot;vertical_custom_880&quot;:&quot;--qode-vertical-gutter-custom-880: 0px&quot;},&quot;item_classes&quot;:&quot;qodef-e qodef-grid-item &quot;}\">\n\t\t<div class=\"qodef-grid-inner\">\n\t\t<div class=\"qodef-e qodef-grid-item  post-1707 team type-team status-publish has-post-thumbnail hentry team-category-rehab\">\n\t<div class=\"qodef-e-inner\">\n\t\t<div class=\"qodef-e-image\">\n\t\t\t\t<div class=\"qodef-e-media-image\">\n\t\t\t\t\t\t\t<a itemprop=\"url\" href=\"https:\/\/medi-move.pl\/?page_id=8371\" target=\"_self\">\n\t\t\t\t\t<img fetchpriority=\"high\" decoding=\"async\" width=\"1500\" height=\"1500\" src=\"https:\/\/medi-move.pl\/wp-content\/uploads\/2024\/07\/Ania.jpg\" class=\"attachment-full size-full wp-post-image\" alt=\"\" srcset=\"https:\/\/medi-move.pl\/wp-content\/uploads\/2024\/07\/Ania.jpg 1500w, https:\/\/medi-move.pl\/wp-content\/uploads\/2024\/07\/Ania-300x300.jpg 300w, https:\/\/medi-move.pl\/wp-content\/uploads\/2024\/07\/Ania-1024x1024.jpg 1024w, https:\/\/medi-move.pl\/wp-content\/uploads\/2024\/07\/Ania-150x150.jpg 150w, https:\/\/medi-move.pl\/wp-content\/uploads\/2024\/07\/Ania-768x768.jpg 768w, https:\/\/medi-move.pl\/wp-content\/uploads\/2024\/07\/Ania-650x650.jpg 650w, https:\/\/medi-move.pl\/wp-content\/uploads\/2024\/07\/Ania-1300x1300.jpg 1300w\" sizes=\"(max-width: 1500px) 100vw, 1500px\" \/>\t\t\t\t\t<\/a>\n\t\t\t<\/div>\n\t\t<\/div>\n\t\t<div class=\"qodef-e-content\" >\n\t\t\t\t<p class=\"qodef-e-role\">Fizjoterapeuta<\/p>\n\t\t\t<h4 itemprop=\"name\" class=\"qodef-e-title entry-title\" >\n\t\t\t\t<a itemprop=\"url\" class=\"qodef-e-title-link\" href=\"https:\/\/medi-move.pl\/?page_id=8371\" target=\"_self\">\n\t\t\tAnna Wakulewicz-Zakrzewska\t\t\t<\/a>\n\t<\/h4>\n\t\t\t\t\t\t\t\t<\/div>\n\t<\/div>\n<\/div>\n\t<\/div>\n\t<\/div>\n\t\t<\/div>\n\t\t\t\t<\/div>\n\t\t\t\t<div class=\"elementor-element elementor-element-4d08b8d elementor-widget elementor-widget-prophysique_core_button\" data-id=\"4d08b8d\" data-element_type=\"widget\" data-widget_type=\"prophysique_core_button.default\">\n\t\t\t\t<div class=\"elementor-widget-container\">\n\t\t\t<a class=\"qodef-shortcode qodef-m  qodef-button qodef-layout--filled  qodef-html--link\" href=\"https:\/\/znajdzfizjoterapeute.pl\/fizjoterapeuta\/anna-wakulewicz-zakrzewska\/18716\" target=\"_self\" data-hover-color=\"#FFFFFF\" data-hover-background-color=\"#000000\" style=\"background-color: #C3A984\">\n\t<span class=\"qodef-m-text\">Um\u00f3w wizyte<\/span>\n<\/a>\n\t\t<\/div>\n\t\t\t\t<\/div>\n\t\t\t\t<\/div>\n\t\t<div class=\"elementor-element elementor-element-5e82a02 e-con-full e-flex e-con e-child\" data-id=\"5e82a02\" data-element_type=\"container\">\n\t\t\t\t<div class=\"elementor-element elementor-element-04d3884 elementor-widget elementor-widget-prophysique_core_team_list\" data-id=\"04d3884\" data-element_type=\"widget\" data-widget_type=\"prophysique_core_team_list.default\">\n\t\t\t\t<div class=\"elementor-widget-container\">\n\t\t\t<div class=\"qodef-shortcode qodef-m  qodef-team-list qodef-item-layout--info-below qodef-grid qodef-layout--columns    qodef-col-num--1 qodef-item-layout--info-below qodef-pagination--off qodef-responsive--predefined\" style=\"--qode-gutter-custom: 0px;--qode-vertical-gutter-custom: 0px;--qode-gutter-custom-1512: 0px;--qode-vertical-gutter-custom-1512: 0px;--qode-gutter-custom-1200: 0px;--qode-vertical-gutter-custom-1200: 0px;--qode-gutter-custom-880: 0px;--qode-vertical-gutter-custom-880: 0px\" data-options=\"{&quot;plugin&quot;:&quot;prophysique_core&quot;,&quot;module&quot;:&quot;post-types\\\/team\\\/shortcodes&quot;,&quot;shortcode&quot;:&quot;team-list&quot;,&quot;post_type&quot;:&quot;team&quot;,&quot;next_page&quot;:&quot;2&quot;,&quot;max_pages_num&quot;:1,&quot;behavior&quot;:&quot;columns&quot;,&quot;images_proportion&quot;:&quot;full&quot;,&quot;columns&quot;:&quot;1&quot;,&quot;columns_responsive&quot;:&quot;predefined&quot;,&quot;posts_per_page&quot;:&quot;1&quot;,&quot;orderby&quot;:&quot;name&quot;,&quot;order&quot;:&quot;DESC&quot;,&quot;additional_params&quot;:&quot;id&quot;,&quot;post_ids&quot;:&quot;1712&quot;,&quot;layout&quot;:&quot;info-below&quot;,&quot;title_tag&quot;:&quot;h4&quot;,&quot;pagination_type&quot;:&quot;no-pagination&quot;,&quot;object_class_name&quot;:&quot;ProPhysiqueCore_Team_List_Shortcode&quot;,&quot;taxonomy_filter&quot;:&quot;team-category&quot;,&quot;additional_query_args&quot;:{&quot;orderby&quot;:&quot;post__in&quot;,&quot;post__in&quot;:[&quot;1712&quot;]},&quot;holder_styles&quot;:{&quot;custom&quot;:&quot;--qode-gutter-custom: 0px&quot;,&quot;vertical_custom&quot;:&quot;--qode-vertical-gutter-custom: 0px&quot;,&quot;custom_1512&quot;:&quot;--qode-gutter-custom-1512: 0px&quot;,&quot;vertical_custom_1512&quot;:&quot;--qode-vertical-gutter-custom-1512: 0px&quot;,&quot;custom_1200&quot;:&quot;--qode-gutter-custom-1200: 0px&quot;,&quot;vertical_custom_1200&quot;:&quot;--qode-vertical-gutter-custom-1200: 0px&quot;,&quot;custom_880&quot;:&quot;--qode-gutter-custom-880: 0px&quot;,&quot;vertical_custom_880&quot;:&quot;--qode-vertical-gutter-custom-880: 0px&quot;},&quot;item_classes&quot;:&quot;qodef-e qodef-grid-item &quot;}\">\n\t\t<div class=\"qodef-grid-inner\">\n\t\t<div class=\"qodef-e qodef-grid-item  post-1712 team type-team status-publish has-post-thumbnail hentry team-category-rehab\">\n\t<div class=\"qodef-e-inner\">\n\t\t<div class=\"qodef-e-image\">\n\t\t\t\t<div class=\"qodef-e-media-image\">\n\t\t\t\t\t\t\t<a itemprop=\"url\" href=\"https:\/\/medi-move.pl\/?page_id=9576\" target=\"_self\">\n\t\t\t\t\t<img decoding=\"async\" width=\"1500\" height=\"1500\" src=\"https:\/\/medi-move.pl\/wp-content\/uploads\/2023\/10\/RoksanaP.jpg\" class=\"attachment-full size-full wp-post-image\" alt=\"\" srcset=\"https:\/\/medi-move.pl\/wp-content\/uploads\/2023\/10\/RoksanaP.jpg 1500w, https:\/\/medi-move.pl\/wp-content\/uploads\/2023\/10\/RoksanaP-300x300.jpg 300w, https:\/\/medi-move.pl\/wp-content\/uploads\/2023\/10\/RoksanaP-1024x1024.jpg 1024w, https:\/\/medi-move.pl\/wp-content\/uploads\/2023\/10\/RoksanaP-150x150.jpg 150w, https:\/\/medi-move.pl\/wp-content\/uploads\/2023\/10\/RoksanaP-768x768.jpg 768w, https:\/\/medi-move.pl\/wp-content\/uploads\/2023\/10\/RoksanaP-650x650.jpg 650w, https:\/\/medi-move.pl\/wp-content\/uploads\/2023\/10\/RoksanaP-1300x1300.jpg 1300w\" sizes=\"(max-width: 1500px) 100vw, 1500px\" \/>\t\t\t\t\t<\/a>\n\t\t\t<\/div>\n\t\t<\/div>\n\t\t<div class=\"qodef-e-content\" >\n\t\t\t\t<p class=\"qodef-e-role\">Fizjoterapeuta<\/p>\n\t\t\t<h4 itemprop=\"name\" class=\"qodef-e-title entry-title\" >\n\t\t\t\t<a itemprop=\"url\" class=\"qodef-e-title-link\" href=\"https:\/\/medi-move.pl\/?page_id=9576\" target=\"_self\">\n\t\t\tRoksana Piekarska-Koz\u0142owska\t\t\t<\/a>\n\t<\/h4>\n\t\t\t\t\t\t\t\t<\/div>\n\t<\/div>\n<\/div>\n\t<\/div>\n\t<\/div>\n\t\t<\/div>\n\t\t\t\t<\/div>\n\t\t\t\t<div class=\"elementor-element elementor-element-d794b71 elementor-widget elementor-widget-prophysique_core_button\" data-id=\"d794b71\" data-element_type=\"widget\" data-widget_type=\"prophysique_core_button.default\">\n\t\t\t\t<div class=\"elementor-widget-container\">\n\t\t\t<a class=\"qodef-shortcode qodef-m  qodef-button qodef-layout--filled  qodef-html--link\" href=\"https:\/\/znajdzfizjoterapeute.pl\/fizjoterapeuta\/roksana-piekarska-kozlowska\/18906\" target=\"_self\" data-hover-color=\"#FFFFFF\" data-hover-background-color=\"#000000\" style=\"background-color: #C3A984\">\n\t<span class=\"qodef-m-text\">Um\u00f3w wizyte<\/span>\n<\/a>\n\t\t<\/div>\n\t\t\t\t<\/div>\n\t\t\t\t<\/div>\n\t\t\t\t\t<\/div>\n\t\t\t\t<\/div>\n\t\t\t\t<\/div>\n\t\t","protected":false},"excerpt":{"rendered":"<p>Fizjoterapeuta Anna Wakulewicz-Zakrzewska Um\u00f3w wizyte Fizjoterapeuta Roksana Piekarska-Koz\u0142owska Um\u00f3w wizyte<\/p>\n","protected":false},"author":1,"featured_media":0,"parent":0,"menu_order":0,"comment_status":"closed","ping_status":"closed","template":"","meta":{"_monsterinsights_skip_tracking":false,"_monsterinsights_sitenote_active":false,"_monsterinsights_sitenote_note":"","_monsterinsights_sitenote_category":0,"footnotes":""},"yoast_head":"<!-- This site is optimized with the Yoast SEO plugin v23.2 - https:\/\/yoast.com\/wordpress\/plugins\/seo\/ -->\n<title>Zesp\u00f3\u0142 - MediMove Fizjoterapia Toru\u0144<\/title>\n<meta name=\"robots\" content=\"index, follow, max-snippet:-1, max-image-preview:large, max-video-preview:-1\" \/>\n<link rel=\"canonical\" href=\"https:\/\/medi-move.pl\/?page_id=3270\" \/>\n<meta property=\"og:locale\" content=\"pl_PL\" \/>\n<meta property=\"og:type\" content=\"article\" \/>\n<meta property=\"og:title\" content=\"Zesp\u00f3\u0142 - MediMove Fizjoterapia Toru\u0144\" \/>\n<meta property=\"og:description\" content=\"Fizjoterapeuta Anna Wakulewicz-Zakrzewska Um\u00f3w wizyte Fizjoterapeuta Roksana Piekarska-Koz\u0142owska Um\u00f3w wizyte\" \/>\n<meta property=\"og:url\" content=\"https:\/\/medi-move.pl\/?page_id=3270\" \/>\n<meta property=\"og:site_name\" content=\"MediMove Fizjoterapia Toru\u0144\" \/>\n<meta property=\"article:publisher\" content=\"https:\/\/www.facebook.com\/profile.php?id=61563017762986\" \/>\n<meta property=\"article:modified_time\" content=\"2024-07-23T11:10:42+00:00\" \/>\n<meta property=\"og:image\" content=\"https:\/\/medi-move.pl\/wp-content\/uploads\/2024\/07\/Ania.jpg\" \/>\n<meta name=\"twitter:card\" content=\"summary_large_image\" \/>\n<script type=\"application\/ld+json\" class=\"yoast-schema-graph\">{\"@context\":\"https:\/\/schema.org\",\"@graph\":[{\"@type\":\"WebPage\",\"@id\":\"https:\/\/medi-move.pl\/?page_id=3270\",\"url\":\"https:\/\/medi-move.pl\/?page_id=3270\",\"name\":\"Zesp\u00f3\u0142 - MediMove Fizjoterapia Toru\u0144\",\"isPartOf\":{\"@id\":\"https:\/\/medi-move.pl\/#website\"},\"primaryImageOfPage\":{\"@id\":\"https:\/\/medi-move.pl\/?page_id=3270#primaryimage\"},\"image\":{\"@id\":\"https:\/\/medi-move.pl\/?page_id=3270#primaryimage\"},\"thumbnailUrl\":\"https:\/\/medi-move.pl\/wp-content\/uploads\/2024\/07\/Ania.jpg\",\"datePublished\":\"2023-10-24T08:41:52+00:00\",\"dateModified\":\"2024-07-23T11:10:42+00:00\",\"breadcrumb\":{\"@id\":\"https:\/\/medi-move.pl\/?page_id=3270#breadcrumb\"},\"inLanguage\":\"pl-PL\",\"potentialAction\":[{\"@type\":\"ReadAction\",\"target\":[\"https:\/\/medi-move.pl\/?page_id=3270\"]}]},{\"@type\":\"ImageObject\",\"inLanguage\":\"pl-PL\",\"@id\":\"https:\/\/medi-move.pl\/?page_id=3270#primaryimage\",\"url\":\"https:\/\/medi-move.pl\/wp-content\/uploads\/2024\/07\/Ania.jpg\",\"contentUrl\":\"https:\/\/medi-move.pl\/wp-content\/uploads\/2024\/07\/Ania.jpg\",\"width\":1500,\"height\":1500},{\"@type\":\"BreadcrumbList\",\"@id\":\"https:\/\/medi-move.pl\/?page_id=3270#breadcrumb\",\"itemListElement\":[{\"@type\":\"ListItem\",\"position\":1,\"name\":\"Strona g\u0142\u00f3wna\",\"item\":\"https:\/\/medi-move.pl\/\"},{\"@type\":\"ListItem\",\"position\":2,\"name\":\"Zesp\u00f3\u0142\"}]},{\"@type\":\"WebSite\",\"@id\":\"https:\/\/medi-move.pl\/#website\",\"url\":\"https:\/\/medi-move.pl\/\",\"name\":\"MediMove Fizjoterapia Toru\u0144\",\"description\":\"Fizjoterapia Toru\u0144\",\"publisher\":{\"@id\":\"https:\/\/medi-move.pl\/#organization\"},\"potentialAction\":[{\"@type\":\"SearchAction\",\"target\":{\"@type\":\"EntryPoint\",\"urlTemplate\":\"https:\/\/medi-move.pl\/?s={search_term_string}\"},\"query-input\":\"required name=search_term_string\"}],\"inLanguage\":\"pl-PL\"},{\"@type\":\"Organization\",\"@id\":\"https:\/\/medi-move.pl\/#organization\",\"name\":\"MediMove Fizjoterapia Toru\u0144\",\"url\":\"https:\/\/medi-move.pl\/\",\"logo\":{\"@type\":\"ImageObject\",\"inLanguage\":\"pl-PL\",\"@id\":\"https:\/\/medi-move.pl\/#\/schema\/logo\/image\/\",\"url\":\"https:\/\/medi-move.pl\/wp-content\/uploads\/2024\/07\/MediMoveLogo.png\",\"contentUrl\":\"https:\/\/medi-move.pl\/wp-content\/uploads\/2024\/07\/MediMoveLogo.png\",\"width\":1080,\"height\":353,\"caption\":\"MediMove Fizjoterapia Toru\u0144\"},\"image\":{\"@id\":\"https:\/\/medi-move.pl\/#\/schema\/logo\/image\/\"},\"sameAs\":[\"https:\/\/www.facebook.com\/profile.php?id=61563017762986\"]}]}<\/script>\n<!-- \/ Yoast SEO plugin. -->","yoast_head_json":{"title":"Zesp\u00f3\u0142 - MediMove Fizjoterapia Toru\u0144","robots":{"index":"index","follow":"follow","max-snippet":"max-snippet:-1","max-image-preview":"max-image-preview:large","max-video-preview":"max-video-preview:-1"},"canonical":"https:\/\/medi-move.pl\/?page_id=3270","og_locale":"pl_PL","og_type":"article","og_title":"Zesp\u00f3\u0142 - MediMove Fizjoterapia Toru\u0144","og_description":"Fizjoterapeuta Anna Wakulewicz-Zakrzewska Um\u00f3w wizyte Fizjoterapeuta Roksana Piekarska-Koz\u0142owska Um\u00f3w wizyte","og_url":"https:\/\/medi-move.pl\/?page_id=3270","og_site_name":"MediMove Fizjoterapia Toru\u0144","article_publisher":"https:\/\/www.facebook.com\/profile.php?id=61563017762986","article_modified_time":"2024-07-23T11:10:42+00:00","og_image":[{"url":"https:\/\/medi-move.pl\/wp-content\/uploads\/2024\/07\/Ania.jpg"}],"twitter_card":"summary_large_image","schema":{"@context":"https:\/\/schema.org","@graph":[{"@type":"WebPage","@id":"https:\/\/medi-move.pl\/?page_id=3270","url":"https:\/\/medi-move.pl\/?page_id=3270","name":"Zesp\u00f3\u0142 - MediMove Fizjoterapia Toru\u0144","isPartOf":{"@id":"https:\/\/medi-move.pl\/#website"},"primaryImageOfPage":{"@id":"https:\/\/medi-move.pl\/?page_id=3270#primaryimage"},"image":{"@id":"https:\/\/medi-move.pl\/?page_id=3270#primaryimage"},"thumbnailUrl":"https:\/\/medi-move.pl\/wp-content\/uploads\/2024\/07\/Ania.jpg","datePublished":"2023-10-24T08:41:52+00:00","dateModified":"2024-07-23T11:10:42+00:00","breadcrumb":{"@id":"https:\/\/medi-move.pl\/?page_id=3270#breadcrumb"},"inLanguage":"pl-PL","potentialAction":[{"@type":"ReadAction","target":["https:\/\/medi-move.pl\/?page_id=3270"]}]},{"@type":"ImageObject","inLanguage":"pl-PL","@id":"https:\/\/medi-move.pl\/?page_id=3270#primaryimage","url":"https:\/\/medi-move.pl\/wp-content\/uploads\/2024\/07\/Ania.jpg","contentUrl":"https:\/\/medi-move.pl\/wp-content\/uploads\/2024\/07\/Ania.jpg","width":1500,"height":1500},{"@type":"BreadcrumbList","@id":"https:\/\/medi-move.pl\/?page_id=3270#breadcrumb","itemListElement":[{"@type":"ListItem","position":1,"name":"Strona g\u0142\u00f3wna","item":"https:\/\/medi-move.pl\/"},{"@type":"ListItem","position":2,"name":"Zesp\u00f3\u0142"}]},{"@type":"WebSite","@id":"https:\/\/medi-move.pl\/#website","url":"https:\/\/medi-move.pl\/","name":"MediMove Fizjoterapia Toru\u0144","description":"Fizjoterapia Toru\u0144","publisher":{"@id":"https:\/\/medi-move.pl\/#organization"},"potentialAction":[{"@type":"SearchAction","target":{"@type":"EntryPoint","urlTemplate":"https:\/\/medi-move.pl\/?s={search_term_string}"},"query-input":"required name=search_term_string"}],"inLanguage":"pl-PL"},{"@type":"Organization","@id":"https:\/\/medi-move.pl\/#organization","name":"MediMove Fizjoterapia Toru\u0144","url":"https:\/\/medi-move.pl\/","logo":{"@type":"ImageObject","inLanguage":"pl-PL","@id":"https:\/\/medi-move.pl\/#\/schema\/logo\/image\/","url":"https:\/\/medi-move.pl\/wp-content\/uploads\/2024\/07\/MediMoveLogo.png","contentUrl":"https:\/\/medi-move.pl\/wp-content\/uploads\/2024\/07\/MediMoveLogo.png","width":1080,"height":353,"caption":"MediMove Fizjoterapia Toru\u0144"},"image":{"@id":"https:\/\/medi-move.pl\/#\/schema\/logo\/image\/"},"sameAs":["https:\/\/www.facebook.com\/profile.php?id=61563017762986"]}]}},"_links":{"self":[{"href":"https:\/\/medi-move.pl\/index.php?rest_route=\/wp\/v2\/pages\/3270"}],"collection":[{"href":"https:\/\/medi-move.pl\/index.php?rest_route=\/wp\/v2\/pages"}],"about":[{"href":"https:\/\/medi-move.pl\/index.php?rest_route=\/wp\/v2\/types\/page"}],"author":[{"embeddable":true,"href":"https:\/\/medi-move.pl\/index.php?rest_route=\/wp\/v2\/users\/1"}],"replies":[{"embeddable":true,"href":"https:\/\/medi-move.pl\/index.php?rest_route=%2Fwp%2Fv2%2Fcomments&post=3270"}],"version-history":[{"count":64,"href":"https:\/\/medi-move.pl\/index.php?rest_route=\/wp\/v2\/pages\/3270\/revisions"}],"predecessor-version":[{"id":10965,"href":"https:\/\/medi-move.pl\/index.php?rest_route=\/wp\/v2\/pages\/3270\/revisions\/10965"}],"wp:attachment":[{"href":"https:\/\/medi-move.pl\/index.php?rest_route=%2Fwp%2Fv2%2Fmedia&parent=3270"}],"curies":[{"name":"wp","href":"https:\/\/api.w.org\/{rel}","templated":true}]}}